{"id":545,"date":"2026-04-16T10:28:24","date_gmt":"2026-04-16T02:28:24","guid":{"rendered":"https:\/\/moceansms.mx\/?page_id=545"},"modified":"2026-04-16T17:34:46","modified_gmt":"2026-04-16T09:34:46","slug":"blog","status":"publish","type":"page","link":"https:\/\/moceansms.mx\/es\/blog\/","title":{"rendered":"Blog"},"content":{"rendered":"<style>.elementor-545 .elementor-element.elementor-element-ecdaaf9:not(.elementor-motion-effects-element-type-background), .elementor-545 .elementor-element.elementor-element-ecdaaf9 > .elementor-motion-effects-container > .elementor-motion-effects-layer{background-color:var( --e-global-color-a481624 );background-image:url(\"https:\/\/moceansms.mx\/wp-content\/uploads\/2026\/04\/from-above-of-group-of-diverse-colleagues-in-forma-2026-01-09-07-38-38-utc-scaled-1.jpg\");background-position:bottom center;background-repeat:no-repeat;background-size:cover;}.elementor-545 .elementor-element.elementor-element-ecdaaf9 > .elementor-background-overlay{background-color:var( --e-global-color-secondary );opacity:0.83;transition:background 0.3s, border-radius 0.3s, opacity 0.3s;}.elementor-545 .elementor-element.elementor-element-ecdaaf9{transition:background 0.3s, border 0.3s, border-radius 0.3s, box-shadow 0.3s;margin-top:0px;margin-bottom:0px;padding:170px 0px 100px 0px;}.elementor-545 .elementor-element.elementor-element-ecdaaf9 > .elementor-shape-bottom svg{height:61px;transform:translateX(-50%) rotateY(180deg);}.elementor-545 .elementor-element.elementor-element-daa03f6 > .elementor-element-populated{margin:0px 0px 0px 0px;--e-column-margin-right:0px;--e-column-margin-left:0px;padding:0px 500px 0px 0px;}.elementor-545 .elementor-element.elementor-element-338a04c .elementor-heading-title{font-family:\"Arimo\", Sans-serif;font-size:43px;font-weight:600;color:#0B3D91;}.elementor-545 .elementor-element.elementor-element-338a04c{padding:20px 0px 0px 0px;}.elementor-545 .elementor-element.elementor-element-854416c{color:var( --e-global-color-primary );}.elementor-545 .elementor-element.elementor-element-664da75{margin-top:0px;margin-bottom:0px;padding:100px 0px 100px 0px;}.elementor-545 .elementor-element.elementor-element-2fd30fc > .elementor-element-populated{margin:0px 0px 0px 0px;--e-column-margin-right:0px;--e-column-margin-left:0px;padding:0px 0px 0px 0px;}.elementor-545 .elementor-element.elementor-element-54c50ba .elementskit-post-image-card{display:block;}.elementor-545 .elementor-element.elementor-element-54c50ba .btn-wraper{text-align:left;}.elementor-545 .elementor-element.elementor-element-54c50ba .elementskit-blog-block-post, .elementor-545 .elementor-element.elementor-element-54c50ba .elementskit-post-image-card, .elementor-545 .elementor-element.elementor-element-54c50ba .elementskit-post-card{background-color:var( --e-global-color-b5db523 );box-shadow:0px 0px 0px 0px rgba(0,0,0,0.5);border-radius:0px 0px 0px 0px;padding:0px 0px 0px 0px;margin:0px 0px 40px 0px;}.elementor-545 .elementor-element.elementor-element-54c50ba .elementskit-blog-block-post .elementskit-post-body{padding:0px 0px 0px 0px;}.elementor-545 .elementor-element.elementor-element-54c50ba .elementskit-post-image-card .elementskit-post-body{padding:0px 0px 0px 0px;}.elementor-545 .elementor-element.elementor-element-54c50ba .elementskit-entry-thumb{border-radius:0px 0px 0px 0px;margin:0px 0px 0px 0px;} .elementor-545 .elementor-element.elementor-element-54c50ba .ekit-wid-con .elementskit-entry-thumb{padding:0px 0px 0px 0px;}.elementor-545 .elementor-element.elementor-element-54c50ba .post-meta-list{text-align:left;}.elementor-545 .elementor-element.elementor-element-54c50ba .elementskit-post-body .entry-title, .elementor-545 .elementor-element.elementor-element-54c50ba .elementskit-entry-header .entry-title, .elementor-545 .elementor-element.elementor-element-54c50ba .elementskit-post-image-card .elementskit-post-body .entry-title  a,  .elementor-545 .elementor-element.elementor-element-54c50ba .elementskit-post-card .elementskit-entry-header .entry-title  a,.elementor-545 .elementor-element.elementor-element-54c50ba .elementskit-blog-block-post .elementskit-post-body .entry-title a{font-family:\"Arimo\", Sans-serif;font-size:1.2em;}.elementor-545 .elementor-element.elementor-element-54c50ba .elementskit-post-body .entry-title a{color:#353535;}.elementor-545 .elementor-element.elementor-element-54c50ba .elementskit-entry-header .entry-title a{color:#353535;}.elementor-545 .elementor-element.elementor-element-54c50ba .elementskit-post-body .entry-title{text-align:left;margin:20px 0px 15px 0px;}.elementor-545 .elementor-element.elementor-element-54c50ba .elementskit-entry-header .entry-title{text-align:left;margin:20px 0px 15px 0px;}.elementor-545 .elementor-element.elementor-element-54c50ba .elementskit-post-footer > p{color:var( --e-global-color-text );}.elementor-545 .elementor-element.elementor-element-54c50ba .elementskit-post-body > p{color:var( --e-global-color-text );text-align:left;}.elementor-545 .elementor-element.elementor-element-54c50ba .elementskit-post-footer{text-align:left;}.elementor-545 .elementor-element.elementor-element-54c50ba .elementskit-btn{padding:0px 0px 0px 0px;color:#3C6D71;fill:#3C6D71;background-color:#02010100;border-radius:0px 0px 0px 0px;}.elementor-545 .elementor-element.elementor-element-54c50ba .elementskit-btn:hover{color:var( --e-global-color-text );fill:var( --e-global-color-text );}.elementor-545 .elementor-element.elementor-element-54c50ba{margin:0px 0px calc(var(--kit-widget-spacing, 0px) + 0px) 0px;}@media(max-width:1024px){.elementor-545 .elementor-element.elementor-element-ecdaaf9 > .elementor-shape-bottom svg{height:39px;}.elementor-545 .elementor-element.elementor-element-ecdaaf9{padding:170px 30px 100px 30px;}.elementor-545 .elementor-element.elementor-element-daa03f6 > .elementor-element-populated{padding:0px 200px 0px 0px;}.elementor-545 .elementor-element.elementor-element-338a04c{padding:0px 0px 0px 0px;}.elementor-545 .elementor-element.elementor-element-854416c{margin:0px 0px calc(var(--kit-widget-spacing, 0px) + 0px) 0px;padding:0px 30px 0px 0px;}.elementor-545 .elementor-element.elementor-element-664da75{margin-top:0px;margin-bottom:0px;padding:100px 30px 100px 30px;}.elementor-545 .elementor-element.elementor-element-54c50ba .elementskit-blog-block-post, .elementor-545 .elementor-element.elementor-element-54c50ba .elementskit-post-image-card, .elementor-545 .elementor-element.elementor-element-54c50ba .elementskit-post-card{margin:0px 0px 30px 0px;}.elementor-545 .elementor-element.elementor-element-54c50ba .elementskit-post-body .entry-title, .elementor-545 .elementor-element.elementor-element-54c50ba .elementskit-entry-header .entry-title, .elementor-545 .elementor-element.elementor-element-54c50ba .elementskit-post-image-card .elementskit-post-body .entry-title  a,  .elementor-545 .elementor-element.elementor-element-54c50ba .elementskit-post-card .elementskit-entry-header .entry-title  a,.elementor-545 .elementor-element.elementor-element-54c50ba .elementskit-blog-block-post .elementskit-post-body .entry-title a{font-size:1.1em;}}@media(max-width:767px){.elementor-545 .elementor-element.elementor-element-ecdaaf9{padding:170px 20px 100px 20px;}.elementor-545 .elementor-element.elementor-element-daa03f6.elementor-column > .elementor-widget-wrap{justify-content:center;}.elementor-545 .elementor-element.elementor-element-daa03f6 > .elementor-element-populated{padding:0px 0px 0px 0px;}.elementor-545 .elementor-element.elementor-element-338a04c{text-align:center;padding:20px 0px 0px 0px;}.elementor-545 .elementor-element.elementor-element-854416c{text-align:center;padding:0px 0px 0px 0px;}.elementor-545 .elementor-element.elementor-element-664da75{padding:100px 20px 100px 20px;}.elementor-545 .elementor-element.elementor-element-54c50ba .elementskit-blog-block-post, .elementor-545 .elementor-element.elementor-element-54c50ba .elementskit-post-image-card, .elementor-545 .elementor-element.elementor-element-54c50ba .elementskit-post-card{margin:0px 0px 30px 0px;}.elementor-545 .elementor-element.elementor-element-54c50ba .elementskit-post-body .entry-title, .elementor-545 .elementor-element.elementor-element-54c50ba .elementskit-entry-header .entry-title, .elementor-545 .elementor-element.elementor-element-54c50ba .elementskit-post-image-card .elementskit-post-body .entry-title  a,  .elementor-545 .elementor-element.elementor-element-54c50ba .elementskit-post-card .elementskit-entry-header .entry-title  a,.elementor-545 .elementor-element.elementor-element-54c50ba .elementskit-blog-block-post .elementskit-post-body .entry-title a{font-size:1.1em;}}<\/style>\t\t<div data-elementor-type=\"wp-page\" data-elementor-id=\"545\" class=\"elementor elementor-545\">\n\t\t\t\t\t\t<section class=\"elementor-section elementor-top-section elementor-element elementor-element-ecdaaf9 elementor-section-boxed elementor-section-height-default elementor-section-height-default\" data-id=\"ecdaaf9\" data-element_type=\"section\" data-e-type=\"section\" data-settings=\"{&quot;background_background&quot;:&quot;classic&quot;,&quot;shape_divider_bottom&quot;:&quot;triangle-asymmetrical&quot;}\">\n\t\t\t\t\t\t\t<div class=\"elementor-background-overlay\"><\/div>\n\t\t\t\t\t\t<div class=\"elementor-shape elementor-shape-bottom\" aria-hidden=\"true\" data-negative=\"false\">\n\t\t\t<svg xmlns=\"http:\/\/www.w3.org\/2000\/svg\" viewbox=\"0 0 1000 100\" preserveaspectratio=\"none\">\n\t<path class=\"elementor-shape-fill\" d=\"M738,99l262-93V0H0v5.6L738,99z\"\/>\n<\/svg>\t\t<\/div>\n\t\t\t\t\t<div class=\"elementor-container elementor-column-gap-default\">\n\t\t\t\t\t<div class=\"elementor-column elementor-col-100 elementor-top-column elementor-element elementor-element-daa03f6\" data-id=\"daa03f6\" data-element_type=\"column\" data-e-type=\"column\">\n\t\t\t<div class=\"elementor-widget-wrap elementor-element-populated\">\n\t\t\t\t\t\t<div class=\"elementor-element elementor-element-338a04c elementor-widget elementor-widget-heading\" data-id=\"338a04c\" data-element_type=\"widget\" data-e-type=\"widget\" data-widget_type=\"heading.default\">\n\t\t\t\t\t<h1 class=\"elementor-heading-title elementor-size-default\">Entradas del blog<\/h1>\t\t\t\t<\/div>\n\t\t\t\t<div class=\"elementor-element elementor-element-3184252 elementor-widget elementor-widget-shortcode\" data-id=\"3184252\" data-element_type=\"widget\" data-e-type=\"widget\" data-widget_type=\"shortcode.default\">\n\t\t\t\t\t\t\t<div class=\"elementor-shortcode\"><nav aria-label=\"pan rallado\" class=\"rank-math-breadcrumb\"><p><span class=\"last\">Inicio<\/span><\/p><\/nav><\/div>\n\t\t\t\t\t\t<\/div>\n\t\t\t\t<div class=\"elementor-element elementor-element-854416c elementor-widget elementor-widget-text-editor\" data-id=\"854416c\" data-element_type=\"widget\" data-e-type=\"widget\" data-widget_type=\"text-editor.default\">\n\t\t\t\t\t\t\t\t\t<p>Descubre c\u00f3mo MOCEAN est\u00e1 revolucionando la comunicaci\u00f3n empresarial a trav\u00e9s de actualizaciones, perspectivas de expertos y casos de uso pr\u00e1cticos adecuados para organizaciones de todos los tama\u00f1os.<\/p>\t\t\t\t\t\t\t\t<\/div>\n\t\t\t\t\t<\/div>\n\t\t<\/div>\n\t\t\t\t\t<\/div>\n\t\t<\/section>\n\t\t\t\t<section class=\"elementor-section elementor-top-section elementor-element elementor-element-664da75 elementor-section-boxed elementor-section-height-default elementor-section-height-default\" data-id=\"664da75\" data-element_type=\"section\" data-e-type=\"section\">\n\t\t\t\t\t\t<div class=\"elementor-container elementor-column-gap-default\">\n\t\t\t\t\t<div class=\"elementor-column elementor-col-100 elementor-top-column elementor-element elementor-element-2fd30fc\" data-id=\"2fd30fc\" data-element_type=\"column\" data-e-type=\"column\">\n\t\t\t<div class=\"elementor-widget-wrap elementor-element-populated\">\n\t\t\t\t\t\t<div class=\"elementor-element elementor-element-54c50ba elementor-widget elementor-widget-elementskit-blog-posts\" data-id=\"54c50ba\" data-element_type=\"widget\" data-e-type=\"widget\" data-widget_type=\"elementskit-blog-posts.default\">\n\t\t\t\t\t<div class=\"ekit-wid-con\" >        <div id=\"post-items--54c50ba\" class=\"row post-items\">\n                    <div class=\"col-lg-4 col-md-6\">\n\n                                    <div class=\"elementskit-post-image-card\">\n                        <div class=\"elementskit-entry-header\">\n                                                            <a href=\"https:\/\/moceansms.mx\/es\/blog\/scale-mexico-online-gaming-sms\/\" class=\"elementskit-entry-thumb\">\n                                    <img decoding=\"async\" src=\"https:\/\/moceansms.mx\/wp-content\/uploads\/2026\/04\/scale-mexico-online-gaming-sms-1024x683.jpg\" alt=\"C\u00f3mo los juegos en l\u00ednea en M\u00e9xico pueden llegar a m\u00e1s jugadores con campa\u00f1as de SMS\">\n                                <\/a><!-- .elementskit-entry-thumb END -->\n                                                            \n                            \n\t\t\t\t\t\t\t\t\t\t\t\t\t<\/div><!-- .elementskit-entry-header END -->\n\n\t\t\t\t\t\t<div class=\"elementskit-post-body\">\n\t\t\t\t\t\t\t\n\t\t\t\t\t\t\t\t\t\t\t\t\t\t\t\t\t\t\t\t\t\t\t\t\t\t\t\t\t\t\n\t\t\t\t\t\t\t\t\n\t\t\t\t\t\t\t\t\t\t\t\t\t\t\t\t\t\t\t\t\t<h2 class=\"entry-title\">\n\t\t\t\t\t<a href=\"https:\/\/moceansms.mx\/es\/blog\/scale-mexico-online-gaming-sms\/\">\n\t\t\t\t\t\tC\u00f3mo los juegos en l\u00ednea en M\u00e9xico pueden llegar a m\u00e1s jugadores con campa\u00f1as de SMS\t\t\t\t\t<\/a>\n\t\t\t\t<\/h2>\n\t\t\t\t\t\t\t\t\t\t\t\t\t\t\t\t\t\t\t\t\t\t\t\t\t\t\t\t\t\t\t\t\t\t\t\t\t\t\t\t\t\t<p>Env\u00eda campa\u00f1as de SMS directos, alcanza a m\u00e1s jugadores y fomenta una mejor retenci\u00f3n.<\/p>\n\t\t\t\t\t\t\t\t\t\t\t\t\t\t\t\t\t\t\t\t\t\t                                                            <div class=\"btn-wraper\">\n                                                                            <a class=\"elementskit-btn whitespace--normal\" id=\"\" href=\"https:\/\/moceansms.mx\/es\/blog\/scale-mexico-online-gaming-sms\/\">\n                                            Aprende m\u00e1s                                             <svg aria-hidden=\"true\" class=\"e-font-icon-svg e-fas-long-arrow-alt-right\" viewbox=\"0 0 448 512\" xmlns=\"http:\/\/www.w3.org\/2000\/svg\"><path d=\"M313.941 216H12c-6.627 0-12 5.373-12 12v56c0 6.627 5.373 12 12 12h301.941v46.059c0 21.382 25.851 32.09 40.971 16.971l86.059-86.059c9.373-9.373 9.373-24.569 0-33.941l-86.059-86.059c-15.119-15.119-40.971-4.411-40.971 16.971V216z\"><\/path><\/svg>                                        <\/a>\n                                    \n                                                                    <\/div>\n                                                    <\/div><!-- .elementskit-post-body END -->\n                    <\/div>\n                \n            <\/div>\n                    <div class=\"col-lg-4 col-md-6\">\n\n                                    <div class=\"elementskit-post-image-card\">\n                        <div class=\"elementskit-entry-header\">\n                                                            <a href=\"https:\/\/moceansms.mx\/es\/blog\/grow-online-gaming-mexico-sms-marketing\/\" class=\"elementskit-entry-thumb\">\n                                    <img decoding=\"async\" src=\"https:\/\/moceansms.mx\/wp-content\/uploads\/2026\/04\/grow-online-gaming-philippines-sms-marketing-scaled-1-1024x683.jpg\" alt=\"C\u00f3mo los juegos en l\u00ednea en M\u00e9xico pueden usar el marketing por SMS para crecer m\u00e1s r\u00e1pido\">\n                                <\/a><!-- .elementskit-entry-thumb END -->\n                                                            \n                            \n\t\t\t\t\t\t\t\t\t\t\t\t\t<\/div><!-- .elementskit-entry-header END -->\n\n\t\t\t\t\t\t<div class=\"elementskit-post-body\">\n\t\t\t\t\t\t\t\n\t\t\t\t\t\t\t\t\t\t\t\t\t\t\t\t\t\t\t\t\t\t\t\t\t\t\t\t\t\t\n\t\t\t\t\t\t\t\t\n\t\t\t\t\t\t\t\t\t\t\t\t\t\t\t\t\t\t\t\t\t<h2 class=\"entry-title\">\n\t\t\t\t\t<a href=\"https:\/\/moceansms.mx\/es\/blog\/grow-online-gaming-mexico-sms-marketing\/\">\n\t\t\t\t\t\tC\u00f3mo los juegos en l\u00ednea en M\u00e9xico pueden usar el marketing por SMS para crecer m\u00e1s r\u00e1pido\t\t\t\t\t<\/a>\n\t\t\t\t<\/h2>\n\t\t\t\t\t\t\t\t\t\t\t\t\t\t\t\t\t\t\t\t\t\t\t\t\t\t\t\t\t\t\t\t\t\t\t\t\t\t\t\t\t\t<p>Mocean ayuda a que los juegos en l\u00ednea en M\u00e9xico crezcan m\u00e1s r\u00e1pido con marketing por SMS.<\/p>\n\t\t\t\t\t\t\t\t\t\t\t\t\t\t\t\t\t\t\t\t\t\t                                                            <div class=\"btn-wraper\">\n                                                                            <a class=\"elementskit-btn whitespace--normal\" id=\"\" href=\"https:\/\/moceansms.mx\/es\/blog\/grow-online-gaming-mexico-sms-marketing\/\">\n                                            Aprende m\u00e1s                                             <svg aria-hidden=\"true\" class=\"e-font-icon-svg e-fas-long-arrow-alt-right\" viewbox=\"0 0 448 512\" xmlns=\"http:\/\/www.w3.org\/2000\/svg\"><path d=\"M313.941 216H12c-6.627 0-12 5.373-12 12v56c0 6.627 5.373 12 12 12h301.941v46.059c0 21.382 25.851 32.09 40.971 16.971l86.059-86.059c9.373-9.373 9.373-24.569 0-33.941l-86.059-86.059c-15.119-15.119-40.971-4.411-40.971 16.971V216z\"><\/path><\/svg>                                        <\/a>\n                                    \n                                                                    <\/div>\n                                                    <\/div><!-- .elementskit-post-body END -->\n                    <\/div>\n                \n            <\/div>\n                <\/div>\n       <\/div>\t\t\t\t<\/div>\n\t\t\t\t\t<\/div>\n\t\t<\/div>\n\t\t\t\t\t<\/div>\n\t\t<\/section>\n\t\t\t\t<\/div>","protected":false},"excerpt":{"rendered":"<p>Blog Posts Discover how MOCEAN is revolutionizing business communication through updates, expert insights, and practical use cases suitable for organizations of all sizes. How Online Gaming in Mexico Can Reach More Players with SMS Campaigns Send direct SMS campaigns, reach more players, and support better retention. Learn more How Online Gaming in Mexico Can Use [&hellip;]<\/p>\n","protected":false},"author":2,"featured_media":0,"parent":0,"menu_order":0,"comment_status":"closed","ping_status":"closed","template":"elementor_header_footer","meta":{"footnotes":""},"class_list":["post-545","page","type-page","status-publish","hentry"],"_links":{"self":[{"href":"https:\/\/moceansms.mx\/es\/wp-json\/wp\/v2\/pages\/545","targetHints":{"allow":["GET"]}}],"collection":[{"href":"https:\/\/moceansms.mx\/es\/wp-json\/wp\/v2\/pages"}],"about":[{"href":"https:\/\/moceansms.mx\/es\/wp-json\/wp\/v2\/types\/page"}],"author":[{"embeddable":true,"href":"https:\/\/moceansms.mx\/es\/wp-json\/wp\/v2\/users\/2"}],"replies":[{"embeddable":true,"href":"https:\/\/moceansms.mx\/es\/wp-json\/wp\/v2\/comments?post=545"}],"version-history":[{"count":16,"href":"https:\/\/moceansms.mx\/es\/wp-json\/wp\/v2\/pages\/545\/revisions"}],"predecessor-version":[{"id":610,"href":"https:\/\/moceansms.mx\/es\/wp-json\/wp\/v2\/pages\/545\/revisions\/610"}],"wp:attachment":[{"href":"https:\/\/moceansms.mx\/es\/wp-json\/wp\/v2\/media?parent=545"}],"curies":[{"name":"wp","href":"https:\/\/api.w.org\/{rel}","templated":true}]}}